{"id":108,"date":"2024-02-20T15:42:43","date_gmt":"2024-02-20T06:42:43","guid":{"rendered":"https:\/\/www7.kmu.ac.jp\/2022nir-pit\/?page_id=108"},"modified":"2024-10-09T09:55:55","modified_gmt":"2024-10-09T00:55:55","slug":"publication","status":"publish","type":"page","link":"https:\/\/www7.kmu.ac.jp\/2022nir-pit\/index.php\/research-work\/publication\/","title":{"rendered":"\u67fb\u8aad\u4ed8\u539f\u8457\u8ad6\u6587"},"content":{"rendered":"\n<div class=\"wp-block-columns is-layout-flex wp-container-core-columns-is-layout-9d6595d7 wp-block-columns-is-layout-flex\">\n<div class=\"wp-block-column is-layout-flow wp-block-column-is-layout-flow\">\n<div class=\"wp-block-vk-blocks-button vk_button vk_button-color-custom vk_button-align-center\"><a href=\"https:\/\/www7.kmu.ac.jp\/2022nir-pit\/index.php\/research-work\/publication\/\" class=\"vk_button_link btn has-background has-vk-color-primary-background-color btn-md\" role=\"button\" aria-pressed=\"true\" rel=\"noopener\"><div class=\"vk_button_link_caption\"><span class=\"vk_button_link_txt\">\u67fb\u8aad\u4ed8\u539f\u8457\u8ad6\u6587<\/span><\/div><\/a><\/div>\n<\/div>\n\n\n\n<div class=\"wp-block-column is-layout-flow wp-block-column-is-layout-flow\">\n<div class=\"wp-block-vk-blocks-button vk_button vk_button-color-custom vk_button-align-center\"><a href=\"https:\/\/www7.kmu.ac.jp\/2022nir-pit\/index.php\/research-work\/review-book\/\" class=\"vk_button_link btn has-background has-vk-color-primary-background-color btn-md\" role=\"button\" aria-pressed=\"true\" rel=\"noopener\"><div class=\"vk_button_link_caption\"><span class=\"vk_button_link_txt\">\u7dcf\u8aac<\/span><\/div><\/a><\/div>\n<\/div>\n\n\n\n<div class=\"wp-block-column is-layout-flow wp-block-column-is-layout-flow\">\n<div class=\"wp-block-vk-blocks-button vk_button vk_button-color-custom vk_button-align-center vk_hidden\"><a class=\"vk_button_link btn has-background has-vk-color-primary-background-color btn-md\" role=\"button\" aria-pressed=\"true\" rel=\"noopener\"><div class=\"vk_button_link_caption\"><span class=\"vk_button_link_txt\">\u6295\u7a3f\u4e2d\u8ad6\u6587<\/span><\/div><\/a><\/div>\n<\/div>\n<\/div>\n\n\n\n<div class=\"wp-block-cover alignfull\" style=\"min-height:110px;aspect-ratio:unset;\"><span aria-hidden=\"true\" class=\"wp-block-cover__background has-background-dim\"><\/span><img decoding=\"async\" class=\"wp-block-cover__image-background wp-image-138\" alt=\"\" src=\"https:\/\/www7.kmu.ac.jp\/2022nir-pit\/wp-content\/uploads\/2024\/02\/main-2.jpg\" data-object-fit=\"cover\"\/><div class=\"wp-block-cover__inner-container is-layout-constrained wp-block-cover-is-layout-constrained\">\n<p class=\"has-text-align-center\"><\/p>\n\n\n\n<p class=\"has-text-align-center has-large-font-size\">\u67fb\u8aad\u4ed8\u539f\u8457\u8ad6\u6587<\/p>\n\n\n\n<p class=\"has-text-align-center\">Peer-reviewed English Original Articles<\/p>\n<\/div><\/div>\n\n\n\n<div style=\"height:26px\" aria-hidden=\"true\" class=\"wp-block-spacer\"><\/div>\n\n\n<h3>2024\u5e74<\/h3>\n<ol>\n<li>Fukushima H, Takao S, Furusawa A, Valera Romero V, Gurram S, Kato T, Okuyama<br \/>S, Kano M, Choyke PL, <strong>Kobayashi H<\/strong>.<br \/>Theranostic near-infrared photoimmunotherapy targeting Nectin-4 in bladder cancer<br \/>preclinical models.<br \/>Cancer Letters 2024; 585:216606.<\/li>\n<li>Kobayashi T, Noma K, Kato T, Nishiwaki N, Ohara T, Nishimura S, Kunitomo T,<br \/>Kawasaki K, Akai M, Komoto S, Kashima H, Kikuchi S, Tazawa H, Shirakawa Y, Choyke<br \/>PL, <strong>Kobayashi H<\/strong>, Fujiwara T.<br \/>Near-infrared Photoimmunotherapy Targeting Cancer-Associated Fibroblasts in PatientDerived Xenograft models using a Humanized anti-Fibroblast Activation Protein Antibody\n<p>Molecular Cancer Therapeutics 2024;23(7):1031-1042.<\/p>\n<\/li>\n<li>Fukushima H, Furusawa A, Takao S, Matikonda SS, Kano M, Okuyama S, Yamamoto H, Choyke PL, Schnermann MJ, <strong>Kobayashi H<\/strong><span style=\"font-size: revert; color: initial;\">.<\/span>\n<p>Phototruncation cell tracking with near-infrared photoimmunotherapy using heptamethine cyanine dye to visualize migratory dynamics of immune cells.<br \/>eBioMedicine 2024;102:105050.<\/p>\n<\/li>\n<li>\n<p>Akai M, Noma K, Kato T, Nishimura S, Matsumoto H, Kawasaki K, Kunimoto T, Kobayashi T, Nishiwaki N, Kashima H, Kikuchi S, Ohara T, Tazawa H, Choyke PL, <strong>Kobayashi H<\/strong>, Fujiwara T.<br \/>Fibroblast Activation Protein-targeted Near-Infrared Photoimmunotherapy Selectively Depletes Immunosuppressive Cancer-Associated Fibroblasts and Remodels Local Tumor Immunity.<br \/><span style=\"color: initial;\">British Journal of Cancer 2024;130(10):1647-1658.<\/span><\/p>\n<\/li>\n<li>\n<p>Inagaki FF, Kano M, Furusawa A, Kato T, Okada R, Fukushima H, Takao S, Okuyama S, Choyke PL, <strong>Kobayashi H<\/strong>.<br \/>Near-infrared photoimmunotherapy targeting PD-L1: Improved efficacy by pre-conditioning the tumor microenvironment.<br \/>Cancer Science 2024;115(7):2396-2409.<\/p>\n<\/li>\n<li>\n<p>\u00a0Jin J, Barnett JD, Mironchik Y, Gross J, <strong>Kobayashi H<\/strong>, Levin A, Bhujwalla ZM.<br \/>Photoimmunotheranostics of epithelioid sarcoma by targeting CD44 or EGFR.<br \/>Translational Oncology 2024;45 :101966.<\/p>\n<\/li>\n<li>\n<p>Suzuki M, Hara D, <strong>Kobayashi H<\/strong>, Hanaoka H.<br \/>Elimination of radiation-induced senescent cells by near-infrared photoimmunotherapy.<br \/>Cancer Medicine 2024 ;13(12):e7381.<\/p>\n<\/li>\n<li>\n<p>Fukushima H, Furusawa A, Takao S, Thankarajan E, Luciano MP, Usama SM, Kano M, Okuyama S, Yamamoto H, Suzuki M, Kano M, Choyke PL, Schnermann MJ, <strong>Kobayashi H<\/strong><u>.<br \/><\/u>Near-infrared duocarmycin photorelease from a Treg-targeted antibody-drug conjugate improves efficacy of PD-1 blockade in syngeneic murine tumor models<br \/>Oncoimmunology 2024 ;13(1):2370544.<\/p>\n<\/li>\n<li>\n<p>Fukushima H, Takao S, Furusawa A, Suzuki M, Yang Y, Ricketts CJ, Kano M, Okuyama S, Yamamoto H, Kano M, Ball MW, Choyke PL, Linehan M, <strong>Kobayashi H<\/strong>.<u><br \/><\/u>Carbonic anhydrase-9-targeted near-infrared photoimmunotherapy as a theranostic modality for clear cell renal cell carcinoma.<br \/>Molecular Cancer Therapeutics 2024 (in press)<\/p>\n<\/li>\n<li>Motofumi Suzuki,<strong>Hisataka Kobayashi<\/strong>, Hirofumi Hanaoka.<br \/>Evaluation of a Novel Lateral Emitting Laser Fiber for Near-Infrared Photoimmunotherapy.<br \/>Cansers(Basel).2024 Jul 17;16(14):2558.<\/li>\n<\/ol>\n<h3>2023\u5e74<\/h3>\n<ol>\n<li>\u00a0Inagaki FF, Wakiyama H, Furusawa A, Okada R, Kato T, Fujimura D, Okuyama S,<br \/>Fukushima H, Takao S, Choyke PL, <strong>Kobayashi H<\/strong>.<br \/>Near-infrared photoimmunotherapy (NIR-PIT) of bone metastases in an animal model.<br \/>Biomedicine &amp; Pharmacotherapy 2023 ;160:114390. doi: 10.1016\/j.biopha.2023.114390.<\/li>\n<li>Kato T, Riahin C, Furusawa A, Fukushima H, Wakiyama H, Okuyama S, Takao S,<br \/>Choyke PL, Ptaszek M, Rosenzweig Z, <strong>Kobayashi H<\/strong>.<br \/>Simultaneous Multicolor Imaging of Lymph Node Chains using Hydroporphyrin-Doped<br \/>Near-Infrared-Emitting Polymer Dots.<br \/>Nanomedicine (London) 2023; 18(8):659-666<\/li>\n<li>Iwase T, Ito K, Nishimura T, Miyakawa K, Ryo A, <strong>Kobayashi H<\/strong>, Mitsunaga M.<br \/>Photoimmunotechnology as a powerful biological tool for molecular-based elimination of<br \/>target microbes and cells.<br \/>Nature Protocol 2023;18(11):3390-3412.<\/li>\n<li>Fukushima H, Furusawa A, Kato T, Wakiyama H, Takao S, Okuyama S, Choyke PL,<br \/><strong>Kobayashi H<\/strong>.<br \/>Intratumoral interleukin-15 improves efficacy of near-infrared photoimmunotherapy.<br \/>Molecular Cancer Therapeutics 2023; 22(10):1215-1227.<\/li>\n<li>Takao S, Fukushima H, King AP, Kato T, Furusawa A, Okuyama S, Kano M, Choyke<br \/>PL, Escorcia FE, <strong>Kobayashi H<\/strong>.<br \/>Near-infrared Photoimmunotherapy in a Model of Hepatocellular Carcinoma using<br \/>Cetuximab-IR700.<br \/>Cancer Science 2023; In press.<\/li>\n<li>Miyazaki NL, Furusawa A, Choyke PL, <strong>Kobayashi H<\/strong>.<br \/>Review of RM-1929 near infrared photoimmunotherapy clinical efficacy for unresectable<br \/>and\/or recurrent head and neck squamous cell carcinoma.<br \/>Cancers 2023; 15(21): 5117.<\/li>\n<li>Kato T, Furusawa A, Okada R, Inagaki F, Wakiyama H, Furumoto H, Fukushima H,<br \/>Okuyama S, Choyke PL, <strong>Kobayashi H<\/strong>.<br \/>Near-infrared photoimmunotherapy targeting podoplanin-expressing cancer cells and<br \/>cancer-associated fibroblasts<br \/>Molecular Cancer Therapeutics 2023 Jan 3;22(1):75-88. doi: 10.1158\/1535-7163.MCT-22-<br \/>0313.<\/li>\n<\/ol>\n<h3>2022\u5e74<\/h3>\n<ol>\n<li>Okada R, Kato T, Furusawa A, Inagaki F, Wakiyama H, Fujimura D, Okuyama S,<br \/>Furumoto H, Fukushima H, Choyke PL, <strong>Kobayashi H<\/strong>.<br \/>Selection of antibody and light exposure regimens alters therapeutic effects of EGFRtargeted near-infrared photoimmunotherapy.<br \/>Cancer Immunology Immunotherapy 2022 ;71(8):1877-1887. doi: 10.1007\/s00262-021-<br \/>03124-x.<\/li>\n<li>Furusawa A, Okada R, Inagaki F, Wakiyama H, Kato T, Choyke PL, <strong>Kobayashi H<\/strong><br \/>CD29 targeted near-infrared photoimmunotherapy (NIR-PIT) in the treatment of a<br \/>pigmented melanoma model<br \/>Oncoimmunology 2022 ;11(1):2019922. doi: 10.1080\/2162402X.2021.2019922<\/li>\n<li>Jin J, Krishnamachary B, Mironchik Y, Sivakumar I, Wildes F, Barnett JD, Hung C-F,<br \/>Nimmagadda S, <strong>Kobayashi H<\/strong>, Bhujwalla ZM, Penet M-F.<br \/>PD-L1 Near Infrared Photoimmunotherapy of Ovarian Cancer Model<br \/>Cancers 2022 ;14(3):619. doi: 10.3390\/cancers14030619.<\/li>\n<li>Tazawa H, Shigeyasu K, Noma K, Kagawa S,<strong> Kobayashi H<\/strong>, Imamura T, Fujiwara T.<br \/>Tumor-targeted fluorescence imaging systems for diagnosis and treatment of cancer.<br \/>Cancer Science 2022 ;113(6):1919-1929. doi: 10.1111\/cas.15369.<\/li>\n<li>Wakiyama H, Furusawa A, Okada R, Inagaki F, Kato T, Furumoto H, Fukushima H,<br \/>Okuyama S, Choyke PL,<strong> Kobayashi H<\/strong>.<br \/>Opening up new VISTAs: V-domain Immunoglobulin Suppressor of T cell Activation<br \/>(VISTA) targeted near-infrared photoimmunotherapy (NIR-PIT) for enhancing host<br \/>immunity against cancers.<br \/>Cancer Immunology Immunotherapy 2022 ;71(12):2869-2879. doi: 10.1007\/s00262-022-<br \/>03205-5.<\/li>\n<li>. Moriya T, Hashimoto M, Matsushita H, Masuyama S, Yoshida R, Okada R, Furusawa<br \/>A, Fujimura D, Wakiyama H, Kato T, Choyke PL, Kusumoto Y, Chtanova T, <strong>Kobayashi<\/strong><br \/><strong>H<\/strong>, Tomura M.<br \/>Near-infrared photoimmunotherapy induced tumor cell death enhances tumor dendritic cell<br \/>migration.<br \/>Cancer Immunology Immunotherapy 2022 ;71(12):3099-3106. doi: 10.1007\/s00262-022-<br \/>03216-2.<\/li>\n<li>Fukushima H, Matikonda SS, Usama SM, Furusawa A, Kato T, \u0160tackov\u00e1 L, Kl\u00e1n P,<br \/><strong>Kobayashi H<\/strong>, Schnermann MJ.<br \/>Cell labeling with spatiotemporal control using cyanine phototruncation<br \/>2<br \/>Journal of the American Chemical Society 2022 ;144(25):11075-11080. doi:<br \/>10.1021\/jacs.2c02962.<\/li>\n<li>Fukushima H, Kato T, Furusawa A, Okada R, Wakiyama H, Furumoto H, Okuyama S,<br \/>Kondo E, Choyke PL, <strong>Kobayashi H<\/strong>.<br \/>Intercellular adhesion molecule-1 (ICAM-1)-targeted near-infrared photoimmunotherapy in<br \/>the treatment of triple-negative breast cancer.<br \/>Cancer Science 2022 ;113(9):3180-3192. doi: 10.1111\/cas.15466.<\/li>\n<li>Kato T, Okada R, Furusawa A, Wakiyama H, Furumoto H, Fukushima H, Okuyama S,<br \/>Choyke PL, <strong>Kobayashi H<\/strong>.<br \/>A comparison of the effectiveness of IgG antibody vs. F(ab\u2019)2 antibody fragment in<br \/>CTLA4-targeted near-infrared photoimmunotherapy<br \/>Molecular Pharmaceutics 2022 ;19(10):3600-3611. doi:<br \/>10.1021\/acs.molpharmaceut.2c00242.<\/li>\n<li>Mitsunaga M, Ito K, Nishimura T, Miyata H, Miyakawa K, Morita T, Ryo A,<br \/><strong>Kobayashi H<\/strong>, Mizunoe Y, Iwase T.<br \/>Evidence of a targeted antimicrobial therapeutic strategy against different bacterial, fungal,<br \/>and viral pathogens.<br \/>Commission Biology 2022 ;5(1):647. doi: 10.1038\/s42003-022-03586-4.<\/li>\n<li>Takahashi K, Yasui H, Taki S, Shimizu M, Koike C, Taki K, Hiroshi Y, Baba Y,<br \/><strong>Kobayashi H<\/strong>, Sato K.<br \/>Near-infrared-induced drug release from antibody-drug double conjugates exerts a<br \/>cytotoxic photo-bystander effect.<br \/>Bioengineering and Translational Medicine 2022 ;7(3):e10388. doi: 10.1002\/btm2.10388.<\/li>\n<li>Barnett JD, Jin J, Penet M-F, <strong>Kobayashi H<\/strong>, Bhujwalla ZM.<br \/>Phototheranostics of splenic myeloid-derived suppressor cells and its impact on spleen<br \/>metabolism in tumor-bearing mice.<br \/>Cancers 2022;14(15):3578. doi: 10.3390\/cancers14153578.<\/li>\n<li>Furumoto H, Okada R, Kato T, Wakiyama H, Inagaki F, Fukushima H, Okuyama S,<br \/>Furusawa A, Choyke PL, <strong>Kobayashi H<\/strong>.<br \/>Optimal light dose for hEGFR-targeted near-infrared photoimmunotherapy.<br \/>Cancers 2022;14(16):4042. doi: 10.3390\/cancers14164042.<\/li>\n<li>\u00a0Jin J, Barnett JD, Krishnamachary B, Mironchik Y, Luo C, <strong>Kobayashi H<\/strong>, Bhujwalla<br \/>ZM.<br \/>Targeting cancer associated fibroblasts by photoimmunotheranostics of fibroblast activation<br \/>protein-\u03b1<br \/>Cancer Science 2022 2023 Jan;114(1):236-246. doi: 10.1111\/cas.15601.<\/li>\n<li>Inagaki FF, Kato T, Furusawa A, Okada R, Wakiyama H, Furumoto H, Okuyama S,<br \/>Choyke PL, <strong>Kobayashi H<\/strong>.<br \/>Disialoganglioside GD2-targeted near-infrared photoimmunotherapy (NIR-PIT) in tumors<br \/>of neuroectodermal origin.<br \/>Pharmaceutics 2022 ;14(10):2037. doi: 10.3390\/pharmaceutics14102037.<\/li>\n<li>Wakiyama H, Furusawa A, Okada R, Inagaki F, Kato T, Furumoto H, Fukushima H,<br \/>Okuyama S, Choyke PL, <strong>Kobayashi H<\/strong>.<br \/>Treg-dominant tumor microenvironment is responsible for hyperprogressive disease after<br \/>PD-1 blockade therapy<br \/>Cancer Immunology Research 2022 ;10(11):1386-1397. doi: 10.1158\/2326-6066.CIR-22-<br \/>0041.<\/li>\n<li>Sato H, Noma K, Ohara T, Kawasaki K, Akai M, Kobayashi T, Nishiwaki N,<br \/>Narusaka T, Komoto S, Kashima H, Katsura Y, Kato T, Kikuchi S, Tazawa H, Kagawa S,<br \/>Shirakawa Y, <strong>Kobayashi H<\/strong>, Fujiwara T.<br \/>Dual-targeted near-infrared photoimmunotherapy for esophageal cancer and cancerassociated fibroblasts in the tumor microenvironment.<br \/>Scientific Reports 2022 ;12(1):20152. doi: 10.1038\/s41598-022-24313-3.<\/li>\n<li>Kato T, Fukushima H, Furusawa A, Okada R, Wakiyama H, Furumoto H, Okuyama S,<br \/>Takao S, Choyke PL, <strong>Kobayashi H<\/strong>.<br \/>Selective depletion of polymorphonuclear myeloid derived suppressor cells in tumor beds<br \/>with near infrared photoimmunotherapy enhances host immune response.<br \/>OncoImmunology 2022 ;11(1):2152248. doi: 10.1080\/2162402X.2022.2152248<\/li>\n<\/ol>","protected":false},"excerpt":{"rendered":"<p>2024\u5e74 Fukushima H, Takao S, Furusawa A, Valera Romero V, Gurram S, Kato T, OkuyamaS, Kano M, Choyke PL, Kobaya [&hellip;]<\/p>\n","protected":false},"author":1,"featured_media":0,"parent":37,"menu_order":5,"comment_status":"closed","ping_status":"closed","template":"","meta":{"footnotes":""},"class_list":["post-108","page","type-page","status-publish","hentry"],"_links":{"self":[{"href":"https:\/\/www7.kmu.ac.jp\/2022nir-pit\/index.php\/wp-json\/wp\/v2\/pages\/108","targetHints":{"allow":["GET"]}}],"collection":[{"href":"https:\/\/www7.kmu.ac.jp\/2022nir-pit\/index.php\/wp-json\/wp\/v2\/pages"}],"about":[{"href":"https:\/\/www7.kmu.ac.jp\/2022nir-pit\/index.php\/wp-json\/wp\/v2\/types\/page"}],"author":[{"embeddable":true,"href":"https:\/\/www7.kmu.ac.jp\/2022nir-pit\/index.php\/wp-json\/wp\/v2\/users\/1"}],"replies":[{"embeddable":true,"href":"https:\/\/www7.kmu.ac.jp\/2022nir-pit\/index.php\/wp-json\/wp\/v2\/comments?post=108"}],"version-history":[{"count":38,"href":"https:\/\/www7.kmu.ac.jp\/2022nir-pit\/index.php\/wp-json\/wp\/v2\/pages\/108\/revisions"}],"predecessor-version":[{"id":1172,"href":"https:\/\/www7.kmu.ac.jp\/2022nir-pit\/index.php\/wp-json\/wp\/v2\/pages\/108\/revisions\/1172"}],"up":[{"embeddable":true,"href":"https:\/\/www7.kmu.ac.jp\/2022nir-pit\/index.php\/wp-json\/wp\/v2\/pages\/37"}],"wp:attachment":[{"href":"https:\/\/www7.kmu.ac.jp\/2022nir-pit\/index.php\/wp-json\/wp\/v2\/media?parent=108"}],"curies":[{"name":"wp","href":"https:\/\/api.w.org\/{rel}","templated":true}]}}